{"id":7358,"date":"2024-11-14T01:52:27","date_gmt":"2024-11-14T06:52:27","guid":{"rendered":"https:\/\/collectifmedecins.org\/books\/"},"modified":"2025-05-29T05:36:27","modified_gmt":"2025-05-29T09:36:27","slug":"books","status":"publish","type":"page","link":"https:\/\/collectifmedecins.org\/en\/books\/","title":{"rendered":"Books"},"content":{"rendered":"\t\t<div data-elementor-type=\"wp-page\" data-elementor-id=\"7358\" class=\"elementor elementor-7358 elementor-7332\" data-elementor-post-type=\"page\">\n\t\t\t\t<div class=\"elementor-element elementor-element-2fb16e67 e-flex e-con-boxed e-con e-parent\" data-id=\"2fb16e67\" data-element_type=\"container\" data-settings=\"{&quot;background_background&quot;:&quot;classic&quot;,&quot;shape_divider_bottom&quot;:&quot;curve&quot;,&quot;shape_divider_bottom_negative&quot;:&quot;yes&quot;}\">\n\t\t\t\t\t<div class=\"e-con-inner\">\n\t\t\t\t<div class=\"elementor-shape elementor-shape-bottom\" data-negative=\"true\">\n\t\t\t<svg xmlns=\"http:\/\/www.w3.org\/2000\/svg\" viewBox=\"0 0 1000 100\" preserveAspectRatio=\"none\">\n\t<path class=\"elementor-shape-fill\" d=\"M500,97C126.7,96.3,0.8,19.8,0,0v100l1000,0V1C1000,19.4,873.3,97.8,500,97z\"\/>\n<\/svg>\t\t<\/div>\n\t\t<div class=\"elementor-element elementor-element-4778ea37 e-con-full e-flex e-con e-child\" data-id=\"4778ea37\" data-element_type=\"container\">\n\t\t<div class=\"elementor-element elementor-element-18c2203d e-con-full e-flex e-con e-child\" data-id=\"18c2203d\" data-element_type=\"container\">\n\t\t<div class=\"elementor-element elementor-element-1b24dbda e-con-full e-flex e-con e-child\" data-id=\"1b24dbda\" data-element_type=\"container\">\n\t\t\t\t<div class=\"elementor-element elementor-element-44ac1d53 elementor-widget elementor-widget-heading\" data-id=\"44ac1d53\" data-element_type=\"widget\" data-widget_type=\"heading.default\">\n\t\t\t\t<div class=\"elementor-widget-container\">\n\t\t\t<h1 class=\"elementor-heading-title elementor-size-default\">Books<\/h1>\t\t<\/div>\n\t\t\t\t<\/div>\n\t\t\t\t<\/div>\n\t\t<div class=\"elementor-element elementor-element-693f89bf e-con-full e-flex e-con e-child\" data-id=\"693f89bf\" data-element_type=\"container\">\n\t\t\t\t<\/div>\n\t\t\t\t<\/div>\n\t\t\t\t<\/div>\n\t\t\t\t\t<\/div>\n\t\t\t\t<\/div>\n\t\t<div class=\"elementor-element elementor-element-965ace4 e-flex e-con-boxed e-con e-parent\" data-id=\"965ace4\" data-element_type=\"container\">\n\t\t\t\t\t<div class=\"e-con-inner\">\n\t\t<div class=\"elementor-element elementor-element-9da64b8 e-con-full e-flex e-con e-child\" data-id=\"9da64b8\" data-element_type=\"container\">\n\t\t\t\t<div class=\"elementor-element elementor-element-5681fb8 elementor-widget elementor-widget-text-editor\" data-id=\"5681fb8\" data-element_type=\"widget\" data-widget_type=\"text-editor.default\">\n\t\t\t\t<div class=\"elementor-widget-container\">\n\t\t\t\t\t\t\t<h5>IN ENGLISH<\/h5>\n<ul>\n<li>Coelho R, Gaind KS, Lemmens T, <strong>Unravelling MAiD in Canada: Euthanasia and Assisted Suicide as Medical Care.<\/strong><br>\nMcGill-Queen\u2019s University Press, 2025.<br>\n<a href=\"https:\/\/www.mqup.ca\/unravelling-maid-in-canada-products-9780228023692.php\">https:\/\/www.mqup.ca\/unravelling-maid-in-canada-products-9780228023692.php<\/a><br><br><\/li>\n<li>Kotalik, Jaro and Shannon, David, editors. <strong>Medical Assistance in Dying (MAID) in Canada: Key Multidisciplinary Perspectives<br>\n<\/strong>Springer, <span style=\"background-color: transparent;\">Part of the book series:<\/span><span style=\"background-color: transparent;\">&nbsp;<\/span><a href=\"https:\/\/www.springer.com\/series\/16538\">The International Library of Bioethics<\/a><span style=\"background-color: transparent;\"> (ILB, volume 104), 2023<br>\n<\/span><a href=\"https:\/\/link.springer.com\/book\/10.1007\/978-3-031-30002-8\">https:\/\/link.springer.com\/book\/10.1007\/978-3-031-30002-8<\/a><br><br><\/li>\n<li>Hughes, Julian and Finlay, Ilora, editors. <strong>The Reality of Assisted Dying:&nbsp;Understanding the Issues<\/strong><br>\nMcGraw Hill, September 2024<br>\n<a href=\"https:\/\/www.mheducation.co.uk\/the-reality-of-assisted-dying-understanding-the-issues-9780335253173-emea-group\">https:\/\/www.mheducation.co.uk\/the-reality-of-assisted-dying-understanding-the-issues-9780335253173-emea-group<\/a><br><br><\/li>\n<\/ul>\n<h5>IN FRENCH<\/h5>\n<ul>\n<li>Richard, Louis-Andr\u00e9 et L\u2019Heureux, Michel. <b>Plaidoyer pour une mort digne<\/b>.&nbsp;<span style=\"background-color: transparent;\"><span style=\"background-color: transparent; text-align: var(--text-align);\"><b>Les raisons de nos choix et les choix de soins appropri\u00e9s en fin de vie<br>\n<\/b><\/span><\/span>Presses de l\u2019Universit\u00e9 Laval, 2011<br>\n<a href=\"https:\/\/www.pulaval.com\/livres\/plaidoyer-pour-une-mort-digne-les-raisons-de-nos-choix-et-les-choix-de-soins-appropries-en-fin-de-vie\">https:\/\/www.pulaval.com\/livres\/plaidoyer-pour-une-mort-digne-les-raisons-de-nos-choix-et-les-choix-de-soins-appropries-en-fin-de-vie<\/a><br><br><\/li>\n<li>Pageau, F\u00e9lix. <strong>La responsabilit\u00e9 de prot\u00e9ger les personnes \u00e2g\u00e9es atteintes de d\u00e9mence. Manifeste<\/strong>.<br>\nPresses de l\u2019Universit\u00e9 Laval, 2020<br>\n<a href=\"https:\/\/www.pulaval.com\/livres\/la-responsabilite-de-proteger-les-personnes-agees-atteintes-de-demence-manifeste\">https:\/\/www.pulaval.com\/livres\/la-responsabilite-de-proteger-les-personnes-agees-atteintes-de-demence-manifeste<\/a><\/li>\n<\/ul>\t\t\t\t\t\t<\/div>\n\t\t\t\t<\/div>\n\t\t\t\t<\/div>\n\t\t\t\t\t<\/div>\n\t\t\t\t<\/div>\n\t\t\t\t<\/div>\n\t\t","protected":false},"excerpt":{"rendered":"<p>IN ENGLISH Coelho R, Gaind KS, Lemmens T, Unravelling MAiD in Canada: Euthanasia and Assisted Suicide as Medical Care. McGill-Queen\u2019s University Press, 2025. https:\/\/www.mqup.ca\/unravelling-maid-in-canada-products-9780228023692.php Kotalik, Jaro and Shannon, David, editors. Medical Assistance in Dying (MAID) in Canada: Key Multidisciplinary Perspectives Springer, Part of the book series:&nbsp;The International Library of Bioethics (ILB, volume 104), 2023 https:\/\/link.springer.com\/book\/10.1007\/978-3-031-30002-8 [&hellip;]<\/p>\n","protected":false},"author":14,"featured_media":0,"parent":0,"menu_order":0,"comment_status":"closed","ping_status":"closed","template":"","meta":{"_oasis_is_in_workflow":0,"_oasis_original":0,"footnotes":""},"class_list":["post-7358","page","type-page","status-publish","hentry"],"yoast_head":"<!-- This site is optimized with the Yoast SEO plugin v27.2 - https:\/\/yoast.com\/product\/yoast-seo-wordpress\/ -->\n<title>Books - Physicians\u2019 Alliance against Euthanasia<\/title>\n<meta name=\"robots\" content=\"index, follow, max-snippet:-1, max-image-preview:large, max-video-preview:-1\" \/>\n<link rel=\"canonical\" href=\"https:\/\/collectifmedecins.org\/en\/books\/\" \/>\n<meta property=\"og:locale\" content=\"en_US\" \/>\n<meta property=\"og:type\" content=\"article\" \/>\n<meta property=\"og:title\" content=\"Books - Physicians\u2019 Alliance against Euthanasia\" \/>\n<meta property=\"og:description\" content=\"IN ENGLISH Coelho R, Gaind KS, Lemmens T, Unravelling MAiD in Canada: Euthanasia and Assisted Suicide as Medical Care. McGill-Queen\u2019s University Press, 2025. https:\/\/www.mqup.ca\/unravelling-maid-in-canada-products-9780228023692.php Kotalik, Jaro and Shannon, David, editors. Medical Assistance in Dying (MAID) in Canada: Key Multidisciplinary Perspectives Springer, Part of the book series:&nbsp;The International Library of Bioethics (ILB, volume 104), 2023 https:\/\/link.springer.com\/book\/10.1007\/978-3-031-30002-8 [&hellip;]\" \/>\n<meta property=\"og:url\" content=\"https:\/\/collectifmedecins.org\/en\/books\/\" \/>\n<meta property=\"og:site_name\" content=\"Physicians\u2019 Alliance against Euthanasia\" \/>\n<meta property=\"article:publisher\" content=\"https:\/\/www.facebook.com\/collectifmed\" \/>\n<meta property=\"article:modified_time\" content=\"2025-05-29T09:36:27+00:00\" \/>\n<meta property=\"og:image\" content=\"https:\/\/collectifmedecins.org\/sites\/collectifmedecins.org\/wp-content\/uploads\/2024\/10\/Collectif_logo_FR.jpg\" \/>\n\t<meta property=\"og:image:width\" content=\"483\" \/>\n\t<meta property=\"og:image:height\" content=\"144\" \/>\n\t<meta property=\"og:image:type\" content=\"image\/jpeg\" \/>\n<meta name=\"twitter:card\" content=\"summary_large_image\" \/>\n<meta name=\"twitter:site\" content=\"@collectifmed\" \/>\n<meta name=\"twitter:label1\" content=\"Est. reading time\" \/>\n\t<meta name=\"twitter:data1\" content=\"1 minute\" \/>\n<script type=\"application\/ld+json\" class=\"yoast-schema-graph\">{\"@context\":\"https:\/\/schema.org\",\"@graph\":[{\"@type\":\"WebPage\",\"@id\":\"https:\/\/collectifmedecins.org\/en\/books\/\",\"url\":\"https:\/\/collectifmedecins.org\/en\/books\/\",\"name\":\"Books - Physicians\u2019 Alliance against Euthanasia\",\"isPartOf\":{\"@id\":\"https:\/\/collectifmedecins.org\/#website\"},\"datePublished\":\"2024-11-14T06:52:27+00:00\",\"dateModified\":\"2025-05-29T09:36:27+00:00\",\"breadcrumb\":{\"@id\":\"https:\/\/collectifmedecins.org\/en\/books\/#breadcrumb\"},\"inLanguage\":\"en-CA\",\"potentialAction\":[{\"@type\":\"ReadAction\",\"target\":[\"https:\/\/collectifmedecins.org\/en\/books\/\"]}]},{\"@type\":\"BreadcrumbList\",\"@id\":\"https:\/\/collectifmedecins.org\/en\/books\/#breadcrumb\",\"itemListElement\":[{\"@type\":\"ListItem\",\"position\":1,\"name\":\"Home\",\"item\":\"https:\/\/collectifmedecins.org\/en\/\"},{\"@type\":\"ListItem\",\"position\":2,\"name\":\"Books\"}]},{\"@type\":\"WebSite\",\"@id\":\"https:\/\/collectifmedecins.org\/#website\",\"url\":\"https:\/\/collectifmedecins.org\/\",\"name\":\"Physicians\u2019 Alliance against Euthanasia\",\"description\":\"\",\"publisher\":{\"@id\":\"https:\/\/collectifmedecins.org\/#organization\"},\"potentialAction\":[{\"@type\":\"SearchAction\",\"target\":{\"@type\":\"EntryPoint\",\"urlTemplate\":\"https:\/\/collectifmedecins.org\/?s={search_term_string}\"},\"query-input\":{\"@type\":\"PropertyValueSpecification\",\"valueRequired\":true,\"valueName\":\"search_term_string\"}}],\"inLanguage\":\"en-CA\"},{\"@type\":\"Organization\",\"@id\":\"https:\/\/collectifmedecins.org\/#organization\",\"name\":\"Collectif des medecins contre l euthanasie\",\"url\":\"https:\/\/collectifmedecins.org\/\",\"logo\":{\"@type\":\"ImageObject\",\"inLanguage\":\"en-CA\",\"@id\":\"https:\/\/collectifmedecins.org\/#\/schema\/logo\/image\/\",\"url\":\"https:\/\/collectifmedecins.org\/sites\/collectifmedecins.org\/wp-content\/uploads\/2024\/10\/Collectif_logo_FR.jpg\",\"contentUrl\":\"https:\/\/collectifmedecins.org\/sites\/collectifmedecins.org\/wp-content\/uploads\/2024\/10\/Collectif_logo_FR.jpg\",\"width\":483,\"height\":144,\"caption\":\"Collectif des medecins contre l euthanasie\"},\"image\":{\"@id\":\"https:\/\/collectifmedecins.org\/#\/schema\/logo\/image\/\"},\"sameAs\":[\"https:\/\/www.facebook.com\/collectifmed\",\"https:\/\/x.com\/collectifmed\"]}]}<\/script>\n<!-- \/ Yoast SEO plugin. -->","yoast_head_json":{"title":"Books - Physicians\u2019 Alliance against Euthanasia","robots":{"index":"index","follow":"follow","max-snippet":"max-snippet:-1","max-image-preview":"max-image-preview:large","max-video-preview":"max-video-preview:-1"},"canonical":"https:\/\/collectifmedecins.org\/en\/books\/","og_locale":"en_US","og_type":"article","og_title":"Books - Physicians\u2019 Alliance against Euthanasia","og_description":"IN ENGLISH Coelho R, Gaind KS, Lemmens T, Unravelling MAiD in Canada: Euthanasia and Assisted Suicide as Medical Care. McGill-Queen\u2019s University Press, 2025. https:\/\/www.mqup.ca\/unravelling-maid-in-canada-products-9780228023692.php Kotalik, Jaro and Shannon, David, editors. Medical Assistance in Dying (MAID) in Canada: Key Multidisciplinary Perspectives Springer, Part of the book series:&nbsp;The International Library of Bioethics (ILB, volume 104), 2023 https:\/\/link.springer.com\/book\/10.1007\/978-3-031-30002-8 [&hellip;]","og_url":"https:\/\/collectifmedecins.org\/en\/books\/","og_site_name":"Physicians\u2019 Alliance against Euthanasia","article_publisher":"https:\/\/www.facebook.com\/collectifmed","article_modified_time":"2025-05-29T09:36:27+00:00","og_image":[{"width":483,"height":144,"url":"https:\/\/collectifmedecins.org\/sites\/collectifmedecins.org\/wp-content\/uploads\/2024\/10\/Collectif_logo_FR.jpg","type":"image\/jpeg"}],"twitter_card":"summary_large_image","twitter_site":"@collectifmed","twitter_misc":{"Est. reading time":"1 minute"},"schema":{"@context":"https:\/\/schema.org","@graph":[{"@type":"WebPage","@id":"https:\/\/collectifmedecins.org\/en\/books\/","url":"https:\/\/collectifmedecins.org\/en\/books\/","name":"Books - Physicians\u2019 Alliance against Euthanasia","isPartOf":{"@id":"https:\/\/collectifmedecins.org\/#website"},"datePublished":"2024-11-14T06:52:27+00:00","dateModified":"2025-05-29T09:36:27+00:00","breadcrumb":{"@id":"https:\/\/collectifmedecins.org\/en\/books\/#breadcrumb"},"inLanguage":"en-CA","potentialAction":[{"@type":"ReadAction","target":["https:\/\/collectifmedecins.org\/en\/books\/"]}]},{"@type":"BreadcrumbList","@id":"https:\/\/collectifmedecins.org\/en\/books\/#breadcrumb","itemListElement":[{"@type":"ListItem","position":1,"name":"Home","item":"https:\/\/collectifmedecins.org\/en\/"},{"@type":"ListItem","position":2,"name":"Books"}]},{"@type":"WebSite","@id":"https:\/\/collectifmedecins.org\/#website","url":"https:\/\/collectifmedecins.org\/","name":"Physicians\u2019 Alliance against Euthanasia","description":"","publisher":{"@id":"https:\/\/collectifmedecins.org\/#organization"},"potentialAction":[{"@type":"SearchAction","target":{"@type":"EntryPoint","urlTemplate":"https:\/\/collectifmedecins.org\/?s={search_term_string}"},"query-input":{"@type":"PropertyValueSpecification","valueRequired":true,"valueName":"search_term_string"}}],"inLanguage":"en-CA"},{"@type":"Organization","@id":"https:\/\/collectifmedecins.org\/#organization","name":"Collectif des medecins contre l euthanasie","url":"https:\/\/collectifmedecins.org\/","logo":{"@type":"ImageObject","inLanguage":"en-CA","@id":"https:\/\/collectifmedecins.org\/#\/schema\/logo\/image\/","url":"https:\/\/collectifmedecins.org\/sites\/collectifmedecins.org\/wp-content\/uploads\/2024\/10\/Collectif_logo_FR.jpg","contentUrl":"https:\/\/collectifmedecins.org\/sites\/collectifmedecins.org\/wp-content\/uploads\/2024\/10\/Collectif_logo_FR.jpg","width":483,"height":144,"caption":"Collectif des medecins contre l euthanasie"},"image":{"@id":"https:\/\/collectifmedecins.org\/#\/schema\/logo\/image\/"},"sameAs":["https:\/\/www.facebook.com\/collectifmed","https:\/\/x.com\/collectifmed"]}]}},"_links":{"self":[{"href":"https:\/\/collectifmedecins.org\/en\/wp-json\/wp\/v2\/pages\/7358","targetHints":{"allow":["GET"]}}],"collection":[{"href":"https:\/\/collectifmedecins.org\/en\/wp-json\/wp\/v2\/pages"}],"about":[{"href":"https:\/\/collectifmedecins.org\/en\/wp-json\/wp\/v2\/types\/page"}],"author":[{"embeddable":true,"href":"https:\/\/collectifmedecins.org\/en\/wp-json\/wp\/v2\/users\/14"}],"replies":[{"embeddable":true,"href":"https:\/\/collectifmedecins.org\/en\/wp-json\/wp\/v2\/comments?post=7358"}],"version-history":[{"count":3,"href":"https:\/\/collectifmedecins.org\/en\/wp-json\/wp\/v2\/pages\/7358\/revisions"}],"predecessor-version":[{"id":7987,"href":"https:\/\/collectifmedecins.org\/en\/wp-json\/wp\/v2\/pages\/7358\/revisions\/7987"}],"wp:attachment":[{"href":"https:\/\/collectifmedecins.org\/en\/wp-json\/wp\/v2\/media?parent=7358"}],"curies":[{"name":"wp","href":"https:\/\/api.w.org\/{rel}","templated":true}]}}