{"id":7175,"date":"2024-09-24T19:41:31","date_gmt":"2024-09-24T23:41:31","guid":{"rendered":"https:\/\/collectif.lesartsmartial.com\/ressources\/useful-links\/"},"modified":"2025-05-29T05:26:08","modified_gmt":"2025-05-29T09:26:08","slug":"useful-links","status":"publish","type":"page","link":"https:\/\/collectifmedecins.org\/en\/useful-links\/","title":{"rendered":"Useful links"},"content":{"rendered":"\t\t<div data-elementor-type=\"wp-page\" data-elementor-id=\"7175\" class=\"elementor elementor-7175 elementor-6568\" data-elementor-post-type=\"page\">\n\t\t\t\t<div class=\"elementor-element elementor-element-7aff00ce e-flex e-con-boxed e-con e-parent\" data-id=\"7aff00ce\" data-element_type=\"container\" data-settings=\"{&quot;background_background&quot;:&quot;classic&quot;,&quot;shape_divider_bottom&quot;:&quot;curve&quot;,&quot;shape_divider_bottom_negative&quot;:&quot;yes&quot;}\">\n\t\t\t\t\t<div class=\"e-con-inner\">\n\t\t\t\t<div class=\"elementor-shape elementor-shape-bottom\" data-negative=\"true\">\n\t\t\t<svg xmlns=\"http:\/\/www.w3.org\/2000\/svg\" viewBox=\"0 0 1000 100\" preserveAspectRatio=\"none\">\n\t<path class=\"elementor-shape-fill\" d=\"M500,97C126.7,96.3,0.8,19.8,0,0v100l1000,0V1C1000,19.4,873.3,97.8,500,97z\"\/>\n<\/svg>\t\t<\/div>\n\t\t<div class=\"elementor-element elementor-element-1c5dcc4f e-con-full e-flex e-con e-child\" data-id=\"1c5dcc4f\" data-element_type=\"container\">\n\t\t<div class=\"elementor-element elementor-element-4a286a96 e-con-full e-flex e-con e-child\" data-id=\"4a286a96\" data-element_type=\"container\">\n\t\t<div class=\"elementor-element elementor-element-3f086710 e-con-full e-flex e-con e-child\" data-id=\"3f086710\" data-element_type=\"container\">\n\t\t\t\t<div class=\"elementor-element elementor-element-5018228e elementor-widget elementor-widget-heading\" data-id=\"5018228e\" data-element_type=\"widget\" data-widget_type=\"heading.default\">\n\t\t\t\t<div class=\"elementor-widget-container\">\n\t\t\t<h1 class=\"elementor-heading-title elementor-size-default\">Useful links<\/h1>\t\t<\/div>\n\t\t\t\t<\/div>\n\t\t\t\t<\/div>\n\t\t<div class=\"elementor-element elementor-element-1722c5cd e-con-full e-flex e-con e-child\" data-id=\"1722c5cd\" data-element_type=\"container\">\n\t\t\t\t<\/div>\n\t\t\t\t<\/div>\n\t\t\t\t<\/div>\n\t\t\t\t\t<\/div>\n\t\t\t\t<\/div>\n\t\t<div class=\"elementor-element elementor-element-29c3c15 e-flex e-con-boxed e-con e-parent\" data-id=\"29c3c15\" data-element_type=\"container\">\n\t\t\t\t\t<div class=\"e-con-inner\">\n\t\t<div class=\"elementor-element elementor-element-9d8c0a4 e-con-full e-flex e-con e-child\" data-id=\"9d8c0a4\" data-element_type=\"container\" data-settings=\"{&quot;motion_fx_motion_fx_scrolling&quot;:&quot;yes&quot;,&quot;sticky&quot;:&quot;top&quot;,&quot;sticky_parent&quot;:&quot;yes&quot;,&quot;motion_fx_devices&quot;:[&quot;widescreen&quot;,&quot;desktop&quot;,&quot;laptop&quot;,&quot;tablet&quot;],&quot;sticky_on&quot;:[&quot;widescreen&quot;,&quot;desktop&quot;,&quot;laptop&quot;,&quot;tablet&quot;],&quot;sticky_offset&quot;:0,&quot;sticky_effects_offset&quot;:0}\">\n\t\t\t\t<div class=\"elementor-element elementor-element-75c2ad40 elementor-icon-list--layout-traditional elementor-list-item-link-full_width elementor-widget elementor-widget-icon-list\" data-id=\"75c2ad40\" data-element_type=\"widget\" data-widget_type=\"icon-list.default\">\n\t\t\t\t<div class=\"elementor-widget-container\">\n\t\t\t\t\t<ul class=\"elementor-icon-list-items\">\n\t\t\t\t\t\t\t<li class=\"elementor-icon-list-item\">\n\t\t\t\t\t\t\t\t\t\t\t<a href=\"#euthanasia-canada\">\n\n\t\t\t\t\t\t\t\t\t\t\t<span class=\"elementor-icon-list-text\">Euthanasia in Canada<\/span>\n\t\t\t\t\t\t\t\t\t\t\t<\/a>\n\t\t\t\t\t\t\t\t\t<\/li>\n\t\t\t\t\t\t\t\t<li class=\"elementor-icon-list-item\">\n\t\t\t\t\t\t\t\t\t\t\t<a href=\"#euthanasie-quebec\">\n\n\t\t\t\t\t\t\t\t\t\t\t<span class=\"elementor-icon-list-text\">Euthanasia in Qu\u00e9bec<\/span>\n\t\t\t\t\t\t\t\t\t\t\t<\/a>\n\t\t\t\t\t\t\t\t\t<\/li>\n\t\t\t\t\t\t\t\t<li class=\"elementor-icon-list-item\">\n\t\t\t\t\t\t\t\t\t\t\t<a href=\"#medical-organizations\">\n\n\t\t\t\t\t\t\t\t\t\t\t<span class=\"elementor-icon-list-text\">Medical organizations advocating for quality end of life care without euthanasia<\/span>\n\t\t\t\t\t\t\t\t\t\t\t<\/a>\n\t\t\t\t\t\t\t\t\t<\/li>\n\t\t\t\t\t\t\t\t<li class=\"elementor-icon-list-item\">\n\t\t\t\t\t\t\t\t\t\t\t<a href=\"#others-advocacy-organizations\">\n\n\t\t\t\t\t\t\t\t\t\t\t<span class=\"elementor-icon-list-text\">Other advocacy and educational organizations<\/span>\n\t\t\t\t\t\t\t\t\t\t\t<\/a>\n\t\t\t\t\t\t\t\t\t<\/li>\n\t\t\t\t\t\t\t\t<li class=\"elementor-icon-list-item\">\n\t\t\t\t\t\t\t\t\t\t\t<a href=\"#palliative-care-education\">\n\n\t\t\t\t\t\t\t\t\t\t\t<span class=\"elementor-icon-list-text\">Palliative care education<\/span>\n\t\t\t\t\t\t\t\t\t\t\t<\/a>\n\t\t\t\t\t\t\t\t\t<\/li>\n\t\t\t\t\t\t<\/ul>\n\t\t\t\t<\/div>\n\t\t\t\t<\/div>\n\t\t\t\t<\/div>\n\t\t<div class=\"elementor-element elementor-element-c8d467e e-con-full e-flex e-con e-child\" data-id=\"c8d467e\" data-element_type=\"container\">\n\t\t<div class=\"elementor-element elementor-element-a081b5c e-con-full e-flex e-con e-child\" data-id=\"a081b5c\" data-element_type=\"container\">\n\t\t<div class=\"elementor-element elementor-element-e16fed6 e-con-full e-flex e-con e-child\" data-id=\"e16fed6\" data-element_type=\"container\" id=\"euthanasia-canada\">\n\t\t\t\t<div class=\"elementor-element elementor-element-8717846 elementor-widget elementor-widget-heading\" data-id=\"8717846\" data-element_type=\"widget\" data-widget_type=\"heading.default\">\n\t\t\t\t<div class=\"elementor-widget-container\">\n\t\t\t<h2 class=\"elementor-heading-title elementor-size-default\">Euthanasia in Canada<\/h2>\t\t<\/div>\n\t\t\t\t<\/div>\n\t\t\t\t<div class=\"elementor-element elementor-element-ec38e93 elementor-widget elementor-widget-text-editor\" data-id=\"ec38e93\" data-element_type=\"widget\" data-widget_type=\"text-editor.default\">\n\t\t\t\t<div class=\"elementor-widget-container\">\n\t\t\t\t\t\t\t<ul>\n<li><span class=\"s2\"><b>Canada\u2019s medical assistance in dying (MAID) law<\/b><\/span>\n<ul>\n<li>\n<div><a href=\"https:\/\/www.justice.gc.ca\/eng\/cj-jp\/ad-am\/bk-di.html\"><span class=\"s8\">https:\/\/www.justice.gc.ca\/fra\/jp-cj\/am-ad\/di-bk.html<\/span><\/a><\/div>\n<\/li>\n<\/ul>\n<\/li>\n<li class=\"s7\"><strong>Health Canada report on MAID (2022)<\/strong>\n<ul>\n<li><a href=\"https:\/\/www.canada.ca\/en\/health-canada\/services\/publications\/health-system-services\/annual-report-medical-assistance-dying-2022.html\" target=\"_blank\" rel=\"noopener\">https:\/\/www.canada.ca\/en\/health-canada\/services\/publications\/health-system-services\/annual-report-medical-assistance-dying-2022.html<\/a><\/li>\n<\/ul>\n<\/li>\n<\/ul>\n\t\t\t\t\t\t<\/div>\n\t\t\t\t<\/div>\n\t\t\t\t<\/div>\n\t\t<div class=\"elementor-element elementor-element-9c77567 e-con-full e-flex e-con e-child\" data-id=\"9c77567\" data-element_type=\"container\" id=\"euthanasie-quebec\">\n\t\t\t\t<div class=\"elementor-element elementor-element-f811311 elementor-widget elementor-widget-heading\" data-id=\"f811311\" data-element_type=\"widget\" data-widget_type=\"heading.default\">\n\t\t\t\t<div class=\"elementor-widget-container\">\n\t\t\t<h2 class=\"elementor-heading-title elementor-size-default\">Euthanasia in Qu\u00e9bec<\/h2>\t\t<\/div>\n\t\t\t\t<\/div>\n\t\t\t\t<div class=\"elementor-element elementor-element-0e3b7cd elementor-widget elementor-widget-text-editor\" data-id=\"0e3b7cd\" data-element_type=\"widget\" data-widget_type=\"text-editor.default\">\n\t\t\t\t<div class=\"elementor-widget-container\">\n\t\t\t\t\t\t\t<ul>\n<li><strong>Act respecting end-of-life care<\/strong>\n<ul>\n<li><a href=\"https:\/\/www.legisquebec.gouv.qc.ca\/en\/document\/cs\/s-32.0001\">https:\/\/www.legisquebec.gouv.qc.ca\/en\/document\/cs\/s-32.0001<\/a><\/li>\n<\/ul>\n<\/li>\n<li><strong>Publications of the Commission des soins de fin de vie<\/strong>\n<ul>\n<li><a href=\"https:\/\/csfv.gouv.qc.ca\/en\/publications\">https:\/\/csfv.gouv.qc.ca\/en\/publications<\/a><\/li>\n<\/ul>\n<\/li>\n<\/ul>\n\t\t\t\t\t\t<\/div>\n\t\t\t\t<\/div>\n\t\t\t\t<\/div>\n\t\t<div class=\"elementor-element elementor-element-23b3f18 e-con-full e-flex e-con e-child\" data-id=\"23b3f18\" data-element_type=\"container\" id=\"medical-organizations\">\n\t\t\t\t<div class=\"elementor-element elementor-element-483f877 elementor-widget elementor-widget-heading\" data-id=\"483f877\" data-element_type=\"widget\" data-widget_type=\"heading.default\">\n\t\t\t\t<div class=\"elementor-widget-container\">\n\t\t\t<h2 class=\"elementor-heading-title elementor-size-default\">Medical organizations advocating for quality end of life care without euthanasia<\/h2>\t\t<\/div>\n\t\t\t\t<\/div>\n\t\t\t\t<div class=\"elementor-element elementor-element-edb4f8d elementor-widget elementor-widget-text-editor\" data-id=\"edb4f8d\" data-element_type=\"widget\" data-widget_type=\"text-editor.default\">\n\t\t\t\t<div class=\"elementor-widget-container\">\n\t\t\t\t\t\t\t<ul><li><b>Doctors Say No International<\/b>\u00a0(EN\/FR\/SP\/Irish) : we collaborate closely with this international network of doctors opposed to euthanasia and assisted suicide.<ul><li>Consider signing the Declaration:\u00a0<a href=\"https:\/\/doctorssayno.net\/\">https:\/\/doctorssayno.net<\/a><\/li><li>Webinars by experts on euthanasia around the world: :\u00a0<a href=\"https:\/\/doctorssayno.net\/webinars\/\">https:\/\/doctorssayno.net\/webinars<\/a><\/li><\/ul><\/li><li><b>Canadian Physicians for Life<\/b>\u00a0(EN) :\u00a0<a href=\"https:\/\/www.physiciansforlife.ca\/\">https:\/\/www.physiciansforlife.ca<\/a><\/li><li><b>Soci\u00e9t\u00e9 fran\u00e7aise d\u2019accompagnement et de soins palliatifs<\/b>\u00a0:<ul><li><a href=\"https:\/\/www.sfap.org\/\">https:\/\/www.sfap.org<\/a><\/li><li>Avis \u00e9thique\u00a0:\u00a0L\u2019euthanasie et le suicide assist\u00e9 ne peuvent pas \u00eatre consid\u00e9r\u00e9s comme des soins\u00a0:\u00a0<a href=\"https:\/\/www.sfap.org\/actualite\/l-euthanasie-et-le-suicide-assiste-ne-peuvent-pas-etre-consideres-comme-des-soins\">https:\/\/www.sfap.org\/actualite\/l-euthanasie-et-le-suicide-assiste-ne-peuvent-pas-etre-consideres-comme-des-soins<\/a>\u00a0<br \/>English version : <a href=\"https:\/\/www.sfap.org\/system\/files\/avis_ethique_en-2.pdf\">https:\/\/www.sfap.org\/system\/files\/avis_ethique_en-2.pdf<\/a><\/li><\/ul><\/li><li><b>Our Duty of Care (UK)<\/b>\u00a0(EN):\u00a0<a href=\"https:\/\/ourdutyofcare.org.uk\/\">https:\/\/ourdutyofcare.org.uk<\/a><\/li><li><b>Columbia Biomedical Roundtable<\/b>\u00a0(US: New York State) (EN):\u00a0<a href=\"https:\/\/columbiabmr.org\/\">https:\/\/columbiabmr.org<\/a><\/li><\/ul>\t\t\t\t\t\t<\/div>\n\t\t\t\t<\/div>\n\t\t\t\t<\/div>\n\t\t<div class=\"elementor-element elementor-element-57bb7ec e-con-full e-flex e-con e-child\" data-id=\"57bb7ec\" data-element_type=\"container\" id=\"others-advocacy-organizations\">\n\t\t\t\t<div class=\"elementor-element elementor-element-fe5624e elementor-widget elementor-widget-heading\" data-id=\"fe5624e\" data-element_type=\"widget\" data-widget_type=\"heading.default\">\n\t\t\t\t<div class=\"elementor-widget-container\">\n\t\t\t<h2 class=\"elementor-heading-title elementor-size-default\">Other advocacy and educational organizations<\/h2>\t\t<\/div>\n\t\t\t\t<\/div>\n\t\t\t\t<div class=\"elementor-element elementor-element-6e9653b elementor-widget elementor-widget-text-editor\" data-id=\"6e9653b\" data-element_type=\"widget\" data-widget_type=\"text-editor.default\">\n\t\t\t\t<div class=\"elementor-widget-container\">\n\t\t\t\t\t\t\t<ul>\n<li class=\"s4\"><span class=\"s2\"><b>Vivre dans la Dignit\u00e9\/Living with Dignity (FR\/EN)<\/b><\/span> : our closest collaborator since our foundation in 2013:&nbsp;<a href=\"https:\/\/vivredignite.org\/en\" target=\"_blank\" rel=\"noopener\">https:\/\/vivredignite.org\/en<\/a><\/li>\n<li class=\"s4\"><strong>The Euthanasia Prevention Coalition of Canada (EN)<\/strong> : pioneers in euthanasia prevention : <a href=\"https:\/\/epcc.ca\" target=\"_blank\" rel=\"noopener\">https:\/\/epcc.ca<\/a><\/li>\n<li><strong>Vulnerable Persons Standard<br><\/strong><a href=\"https:\/\/www.vps-npv.ca\/\" target=\"_blank\" rel=\"noopener\">https:\/\/www.vps-npv.ca<\/a><\/li>\n<li><strong>Toujours vivant &#8211; Not Dead Yet<\/strong>&nbsp;: Voice of the disability opposition to euthanasia and assisted suicide&nbsp;<a href=\"https:\/\/tvndy.ca\/en\/\" target=\"_blank\" rel=\"noopener\">https:\/\/tvndy.ca\/en<\/a><\/li>\n<li class=\"s4\"><strong>The Protection of Conscience Project<\/strong>\n<ul>\n<li class=\"s4\">a non-denominational, non-profit initiative supporting health care workers who want to provide the best care&nbsp; for their patients without violating their own personal and professional integrity.<\/li>\n<li class=\"s4\"><a href=\"https:\/\/www.consciencelaws.org\/\" target=\"_blank\" rel=\"noopener\">https:\/\/www.consciencelaws.org<\/a><\/li>\n<\/ul>\n<\/li>\n<li class=\"s4\"><strong><span class=\"s2\">Institut europ\u00e9en de bio\u00e9thique<\/span><\/strong> (Belgium) (FR\/EN \/Dutch) : <a href=\"https:\/\/www.ieb-eib.org\/fr\/\" target=\"_blank\" rel=\"noopener\">https:\/\/www.ieb-eib.org\/fr<\/a><\/li>\n<\/ul>\n<ul>\n<li style=\"list-style-type: none;\">\n<ul>\n<li style=\"list-style-type: none;\">&nbsp;<\/li>\n<\/ul>\n<\/li>\n<\/ul>\t\t\t\t\t\t<\/div>\n\t\t\t\t<\/div>\n\t\t\t\t<\/div>\n\t\t<div class=\"elementor-element elementor-element-47c9385 e-con-full e-flex e-con e-child\" data-id=\"47c9385\" data-element_type=\"container\" id=\"palliative-care-education\">\n\t\t\t\t<div class=\"elementor-element elementor-element-f5c44c1 elementor-widget elementor-widget-heading\" data-id=\"f5c44c1\" data-element_type=\"widget\" data-widget_type=\"heading.default\">\n\t\t\t\t<div class=\"elementor-widget-container\">\n\t\t\t<h2 class=\"elementor-heading-title elementor-size-default\">Palliative care education<\/h2>\t\t<\/div>\n\t\t\t\t<\/div>\n\t\t\t\t<div class=\"elementor-element elementor-element-45f9e9e elementor-widget elementor-widget-text-editor\" data-id=\"45f9e9e\" data-element_type=\"widget\" data-widget_type=\"text-editor.default\">\n\t\t\t\t<div class=\"elementor-widget-container\">\n\t\t\t\t\t\t\t<ul><li class=\"s4\"><strong>Palli-Science <\/strong>(FR) : Quebec-based website for training in palliative care and oncology.<ul><li class=\"s4\"><a href=\"https:\/\/palli-science.com\/\" target=\"_blank\" rel=\"noopener\"><span class=\"s8\">https:\/\/palli-science.com\/<\/span><\/a><\/li><\/ul><\/li><li><strong>Canadian Virtual Hospice<\/strong> (EN\/FR) : provides support and personalized information about advanced illness, palliative care, loss and grief, for professionals and the public.<ul><li><a href=\"https:\/\/www.virtualhospice.ca\" target=\"_blank\" rel=\"noopener\"><span class=\"s8\">https:\/\/www.virtualhospice.ca\/<\/span><\/a><\/li><\/ul><\/li><li><strong>Pallium Canada<\/strong> (EN\/FR): a national, non-profit organization focused on building professional and community capacity to help improve the quality and accessibility of palliative care in Canada.<ul><li><a href=\"https:\/\/www.pallium.ca\"><span class=\"s8\">https:\/\/www.pallium.ca<\/span><\/a><\/li><\/ul><\/li><\/ul>\t\t\t\t\t\t<\/div>\n\t\t\t\t<\/div>\n\t\t\t\t<\/div>\n\t\t\t\t<\/div>\n\t\t\t\t<\/div>\n\t\t\t\t\t<\/div>\n\t\t\t\t<\/div>\n\t\t\t\t<\/div>\n\t\t","protected":false},"excerpt":{"rendered":"<p>Euthanasia in Canada Euthanasia in Qu\u00e9bec Medical organizations advocating for quality end of life care without euthanasia Other advocacy and educational organizations Palliative care education Euthanasia in Canada Canada\u2019s medical assistance in dying (MAID) law https:\/\/www.justice.gc.ca\/fra\/jp-cj\/am-ad\/di-bk.html Health Canada report on MAID (2022) https:\/\/www.canada.ca\/en\/health-canada\/services\/publications\/health-system-services\/annual-report-medical-assistance-dying-2022.html Euthanasia in Qu\u00e9bec Act respecting end-of-life care https:\/\/www.legisquebec.gouv.qc.ca\/en\/document\/cs\/s-32.0001 Publications of the Commission [&hellip;]<\/p>\n","protected":false},"author":14,"featured_media":0,"parent":0,"menu_order":0,"comment_status":"closed","ping_status":"closed","template":"","meta":{"_oasis_is_in_workflow":0,"_oasis_original":0,"footnotes":""},"class_list":["post-7175","page","type-page","status-publish","hentry"],"yoast_head":"<!-- This site is optimized with the Yoast SEO plugin v27.3 - https:\/\/yoast.com\/product\/yoast-seo-wordpress\/ -->\n<title>Useful links - Physicians\u2019 Alliance against Euthanasia<\/title>\n<meta name=\"robots\" content=\"index, follow, max-snippet:-1, max-image-preview:large, max-video-preview:-1\" \/>\n<link rel=\"canonical\" href=\"https:\/\/collectifmedecins.org\/liens-utiles\/\" \/>\n<meta property=\"og:locale\" content=\"en_US\" \/>\n<meta property=\"og:type\" content=\"article\" \/>\n<meta property=\"og:title\" content=\"Useful links - Physicians\u2019 Alliance against Euthanasia\" \/>\n<meta property=\"og:description\" content=\"Euthanasia in Canada Euthanasia in Qu\u00e9bec Medical organizations advocating for quality end of life care without euthanasia Other advocacy and educational organizations Palliative care education Euthanasia in Canada Canada\u2019s medical assistance in dying (MAID) law https:\/\/www.justice.gc.ca\/fra\/jp-cj\/am-ad\/di-bk.html Health Canada report on MAID (2022) https:\/\/www.canada.ca\/en\/health-canada\/services\/publications\/health-system-services\/annual-report-medical-assistance-dying-2022.html Euthanasia in Qu\u00e9bec Act respecting end-of-life care https:\/\/www.legisquebec.gouv.qc.ca\/en\/document\/cs\/s-32.0001 Publications of the Commission [&hellip;]\" \/>\n<meta property=\"og:url\" content=\"https:\/\/collectifmedecins.org\/liens-utiles\/\" \/>\n<meta property=\"og:site_name\" content=\"Physicians\u2019 Alliance against Euthanasia\" \/>\n<meta property=\"article:publisher\" content=\"https:\/\/www.facebook.com\/collectifmed\" \/>\n<meta property=\"article:modified_time\" content=\"2025-05-29T09:26:08+00:00\" \/>\n<meta property=\"og:image\" content=\"https:\/\/collectifmedecins.org\/sites\/collectifmedecins.org\/wp-content\/uploads\/2024\/10\/Collectif_logo_FR.jpg\" \/>\n\t<meta property=\"og:image:width\" content=\"483\" \/>\n\t<meta property=\"og:image:height\" content=\"144\" \/>\n\t<meta property=\"og:image:type\" content=\"image\/jpeg\" \/>\n<meta name=\"twitter:card\" content=\"summary_large_image\" \/>\n<meta name=\"twitter:site\" content=\"@collectifmed\" \/>\n<meta name=\"twitter:label1\" content=\"Est. reading time\" \/>\n\t<meta name=\"twitter:data1\" content=\"2 minutes\" \/>\n<script type=\"application\/ld+json\" class=\"yoast-schema-graph\">{\"@context\":\"https:\\\/\\\/schema.org\",\"@graph\":[{\"@type\":\"WebPage\",\"@id\":\"https:\\\/\\\/collectifmedecins.org\\\/liens-utiles\\\/\",\"url\":\"https:\\\/\\\/collectifmedecins.org\\\/liens-utiles\\\/\",\"name\":\"Useful links - Physicians\u2019 Alliance against Euthanasia\",\"isPartOf\":{\"@id\":\"https:\\\/\\\/collectifmedecins.org\\\/#website\"},\"datePublished\":\"2024-09-24T23:41:31+00:00\",\"dateModified\":\"2025-05-29T09:26:08+00:00\",\"breadcrumb\":{\"@id\":\"https:\\\/\\\/collectifmedecins.org\\\/liens-utiles\\\/#breadcrumb\"},\"inLanguage\":\"en-CA\",\"potentialAction\":[{\"@type\":\"ReadAction\",\"target\":[\"https:\\\/\\\/collectifmedecins.org\\\/liens-utiles\\\/\"]}]},{\"@type\":\"BreadcrumbList\",\"@id\":\"https:\\\/\\\/collectifmedecins.org\\\/liens-utiles\\\/#breadcrumb\",\"itemListElement\":[{\"@type\":\"ListItem\",\"position\":1,\"name\":\"Home\",\"item\":\"https:\\\/\\\/collectifmedecins.org\\\/en\\\/\"},{\"@type\":\"ListItem\",\"position\":2,\"name\":\"Useful links\"}]},{\"@type\":\"WebSite\",\"@id\":\"https:\\\/\\\/collectifmedecins.org\\\/#website\",\"url\":\"https:\\\/\\\/collectifmedecins.org\\\/\",\"name\":\"Physicians\u2019 Alliance against Euthanasia\",\"description\":\"\",\"publisher\":{\"@id\":\"https:\\\/\\\/collectifmedecins.org\\\/#organization\"},\"potentialAction\":[{\"@type\":\"SearchAction\",\"target\":{\"@type\":\"EntryPoint\",\"urlTemplate\":\"https:\\\/\\\/collectifmedecins.org\\\/?s={search_term_string}\"},\"query-input\":{\"@type\":\"PropertyValueSpecification\",\"valueRequired\":true,\"valueName\":\"search_term_string\"}}],\"inLanguage\":\"en-CA\"},{\"@type\":\"Organization\",\"@id\":\"https:\\\/\\\/collectifmedecins.org\\\/#organization\",\"name\":\"Collectif des medecins contre l euthanasie\",\"url\":\"https:\\\/\\\/collectifmedecins.org\\\/\",\"logo\":{\"@type\":\"ImageObject\",\"inLanguage\":\"en-CA\",\"@id\":\"https:\\\/\\\/collectifmedecins.org\\\/#\\\/schema\\\/logo\\\/image\\\/\",\"url\":\"https:\\\/\\\/collectifmedecins.org\\\/sites\\\/collectifmedecins.org\\\/wp-content\\\/uploads\\\/2024\\\/10\\\/Collectif_logo_FR.jpg\",\"contentUrl\":\"https:\\\/\\\/collectifmedecins.org\\\/sites\\\/collectifmedecins.org\\\/wp-content\\\/uploads\\\/2024\\\/10\\\/Collectif_logo_FR.jpg\",\"width\":483,\"height\":144,\"caption\":\"Collectif des medecins contre l euthanasie\"},\"image\":{\"@id\":\"https:\\\/\\\/collectifmedecins.org\\\/#\\\/schema\\\/logo\\\/image\\\/\"},\"sameAs\":[\"https:\\\/\\\/www.facebook.com\\\/collectifmed\",\"https:\\\/\\\/x.com\\\/collectifmed\"]}]}<\/script>\n<!-- \/ Yoast SEO plugin. -->","yoast_head_json":{"title":"Useful links - Physicians\u2019 Alliance against Euthanasia","robots":{"index":"index","follow":"follow","max-snippet":"max-snippet:-1","max-image-preview":"max-image-preview:large","max-video-preview":"max-video-preview:-1"},"canonical":"https:\/\/collectifmedecins.org\/liens-utiles\/","og_locale":"en_US","og_type":"article","og_title":"Useful links - Physicians\u2019 Alliance against Euthanasia","og_description":"Euthanasia in Canada Euthanasia in Qu\u00e9bec Medical organizations advocating for quality end of life care without euthanasia Other advocacy and educational organizations Palliative care education Euthanasia in Canada Canada\u2019s medical assistance in dying (MAID) law https:\/\/www.justice.gc.ca\/fra\/jp-cj\/am-ad\/di-bk.html Health Canada report on MAID (2022) https:\/\/www.canada.ca\/en\/health-canada\/services\/publications\/health-system-services\/annual-report-medical-assistance-dying-2022.html Euthanasia in Qu\u00e9bec Act respecting end-of-life care https:\/\/www.legisquebec.gouv.qc.ca\/en\/document\/cs\/s-32.0001 Publications of the Commission [&hellip;]","og_url":"https:\/\/collectifmedecins.org\/liens-utiles\/","og_site_name":"Physicians\u2019 Alliance against Euthanasia","article_publisher":"https:\/\/www.facebook.com\/collectifmed","article_modified_time":"2025-05-29T09:26:08+00:00","og_image":[{"width":483,"height":144,"url":"https:\/\/collectifmedecins.org\/sites\/collectifmedecins.org\/wp-content\/uploads\/2024\/10\/Collectif_logo_FR.jpg","type":"image\/jpeg"}],"twitter_card":"summary_large_image","twitter_site":"@collectifmed","twitter_misc":{"Est. reading time":"2 minutes"},"schema":{"@context":"https:\/\/schema.org","@graph":[{"@type":"WebPage","@id":"https:\/\/collectifmedecins.org\/liens-utiles\/","url":"https:\/\/collectifmedecins.org\/liens-utiles\/","name":"Useful links - Physicians\u2019 Alliance against Euthanasia","isPartOf":{"@id":"https:\/\/collectifmedecins.org\/#website"},"datePublished":"2024-09-24T23:41:31+00:00","dateModified":"2025-05-29T09:26:08+00:00","breadcrumb":{"@id":"https:\/\/collectifmedecins.org\/liens-utiles\/#breadcrumb"},"inLanguage":"en-CA","potentialAction":[{"@type":"ReadAction","target":["https:\/\/collectifmedecins.org\/liens-utiles\/"]}]},{"@type":"BreadcrumbList","@id":"https:\/\/collectifmedecins.org\/liens-utiles\/#breadcrumb","itemListElement":[{"@type":"ListItem","position":1,"name":"Home","item":"https:\/\/collectifmedecins.org\/en\/"},{"@type":"ListItem","position":2,"name":"Useful links"}]},{"@type":"WebSite","@id":"https:\/\/collectifmedecins.org\/#website","url":"https:\/\/collectifmedecins.org\/","name":"Physicians\u2019 Alliance against Euthanasia","description":"","publisher":{"@id":"https:\/\/collectifmedecins.org\/#organization"},"potentialAction":[{"@type":"SearchAction","target":{"@type":"EntryPoint","urlTemplate":"https:\/\/collectifmedecins.org\/?s={search_term_string}"},"query-input":{"@type":"PropertyValueSpecification","valueRequired":true,"valueName":"search_term_string"}}],"inLanguage":"en-CA"},{"@type":"Organization","@id":"https:\/\/collectifmedecins.org\/#organization","name":"Collectif des medecins contre l euthanasie","url":"https:\/\/collectifmedecins.org\/","logo":{"@type":"ImageObject","inLanguage":"en-CA","@id":"https:\/\/collectifmedecins.org\/#\/schema\/logo\/image\/","url":"https:\/\/collectifmedecins.org\/sites\/collectifmedecins.org\/wp-content\/uploads\/2024\/10\/Collectif_logo_FR.jpg","contentUrl":"https:\/\/collectifmedecins.org\/sites\/collectifmedecins.org\/wp-content\/uploads\/2024\/10\/Collectif_logo_FR.jpg","width":483,"height":144,"caption":"Collectif des medecins contre l euthanasie"},"image":{"@id":"https:\/\/collectifmedecins.org\/#\/schema\/logo\/image\/"},"sameAs":["https:\/\/www.facebook.com\/collectifmed","https:\/\/x.com\/collectifmed"]}]}},"_links":{"self":[{"href":"https:\/\/collectifmedecins.org\/en\/wp-json\/wp\/v2\/pages\/7175","targetHints":{"allow":["GET"]}}],"collection":[{"href":"https:\/\/collectifmedecins.org\/en\/wp-json\/wp\/v2\/pages"}],"about":[{"href":"https:\/\/collectifmedecins.org\/en\/wp-json\/wp\/v2\/types\/page"}],"author":[{"embeddable":true,"href":"https:\/\/collectifmedecins.org\/en\/wp-json\/wp\/v2\/users\/14"}],"replies":[{"embeddable":true,"href":"https:\/\/collectifmedecins.org\/en\/wp-json\/wp\/v2\/comments?post=7175"}],"version-history":[{"count":3,"href":"https:\/\/collectifmedecins.org\/en\/wp-json\/wp\/v2\/pages\/7175\/revisions"}],"predecessor-version":[{"id":7976,"href":"https:\/\/collectifmedecins.org\/en\/wp-json\/wp\/v2\/pages\/7175\/revisions\/7976"}],"wp:attachment":[{"href":"https:\/\/collectifmedecins.org\/en\/wp-json\/wp\/v2\/media?parent=7175"}],"curies":[{"name":"wp","href":"https:\/\/api.w.org\/{rel}","templated":true}]}}